{"id":22,"date":"2014-02-21T14:52:49","date_gmt":"2014-02-21T13:52:49","guid":{"rendered":"http:\/\/www.industrial-arts-products.com\/IND\/?page_id=22"},"modified":"2015-01-09T13:03:47","modified_gmt":"2015-01-09T11:03:47","slug":"ueber-uns","status":"publish","type":"page","link":"https:\/\/www.industrial-arts-products.com\/?page_id=22","title":{"rendered":"\u00dcber uns"},"content":{"rendered":"<p style=\"text-align: left;\"><strong>The Art of making technical things<\/strong><\/p>\n<p>Unser Motto war schon am Anfang:\u00a0<strong>\u201eThe Art of making technical things\u201c<\/strong>. Technik begeistert uns einfach und bietet uns durch die Kombination modernster Fertigungsverfahren und mechanischem Zubeh\u00f6r ein fast unendliche Breite an M\u00f6glichkeiten.<\/p>\n<p style=\"text-align: left;\">Nach 10 Jahren an reinem Handel mit allen Arten von Betriebseinrichtungen, wurde 2003 mein Unternehmen als Herstellerbetrieb aus der Taufe gehoben. Ich selbst blicke auf nunmehr 35 Jahre Berufserfahrung im technisch-kaufm\u00e4nnischen Bereich zur\u00fcck (20 Jahre selbst\u00e4ndig) . Im Bereich der Betriebsausstattungen erkannte ich als H\u00e4ndler einst erheblichen Innovationsbedarf, so dass gleich am Anfang mit der Neuentwicklung von Umkleideschr\u00e4nken mit Zwangsentl\u00fcftung und robusten Sitzb\u00e4nken begonnen wurde. Gleich zu Anfang stie\u00dfen\u00a0die neuen, im Vergleich zu Wettbewerberl\u00f6sungen deutlich effektiveren Abluftschr\u00e4nke, in der automotiven und der chemischen Industrie auf breiten Zuspruch. Dies ist noch heute der Fall. Passend zu den Umkleide-schr\u00e4nken, welche wir dann sp\u00e4ter mit dem preiswerten Sortiment erweiterten, wurden auch dutzende \u00a0&#8222;Kilometer&#8220;\u00a0Sitzb\u00e4nke, meist mit Buchenvollholz-Oberteilen aus heimischen W\u00e4ldern oder aus HPL gefertigt und beim Kunden eingebaut. Design, Nachhaltigkeit und Langlebigkeit war von Anfang an unser Ziel.<\/p>\n<p style=\"text-align: left;\">Sp\u00e4ter kamen noch Logistikelemente und der Beh\u00e4lterbau f\u00fcr die Serienfertigung im Automobilbau hinzu.<\/p>\n<p style=\"text-align: left;\">Aufgrund unserer Vielseitigkeit und Nutzung neuester Technologie fertigen wir zur Auslastung des Maschinenparks auch f\u00fcr unsere Kunden Teile, entweder mit den CNC-Lasern, den CNC-Rohrbiegeautomaten oder Blechteile mit den CNC-Abkantb\u00e4nken. Unser eigener Qualit\u00e4tsanspruch ist sehr hoch, so dass unsere Kunden immer eine Top-Qualit\u00e4t erwarten k\u00f6nnen.<\/p>\n<p style=\"text-align: left;\"><strong>Mein Team und ich stehen Ihnen immer mit Rat und Tat zur Seite \u2013 wir sind ein verl\u00e4sslicher Partner dem Sie vertrauen k\u00f6nnen. Darauf sind wir stolz&#8230;<\/strong><\/p>\n<p style=\"text-align: left;\">Tony Lee Barnes, Betriebswirt VWA<\/p>\n<p style=\"text-align: left;\"><strong>Gesch\u00e4ftsf\u00fchrer<\/strong><\/p>\n","protected":false},"excerpt":{"rendered":"<p>The Art of making technical things Unser Motto war schon am Anfang:\u00a0\u201eThe Art of making technical things\u201c. Technik begeistert uns einfach und bietet uns durch[&#8230;]<\/p>\n","protected":false},"author":1,"featured_media":366,"parent":0,"menu_order":0,"comment_status":"closed","ping_status":"closed","template":"","meta":{"footnotes":""},"class_list":["post-22","page","type-page","status-publish","has-post-thumbnail","hentry"],"_links":{"self":[{"href":"https:\/\/www.industrial-arts-products.com\/index.php?rest_route=\/wp\/v2\/pages\/22","targetHints":{"allow":["GET"]}}],"collection":[{"href":"https:\/\/www.industrial-arts-products.com\/index.php?rest_route=\/wp\/v2\/pages"}],"about":[{"href":"https:\/\/www.industrial-arts-products.com\/index.php?rest_route=\/wp\/v2\/types\/page"}],"author":[{"embeddable":true,"href":"https:\/\/www.industrial-arts-products.com\/index.php?rest_route=\/wp\/v2\/users\/1"}],"replies":[{"embeddable":true,"href":"https:\/\/www.industrial-arts-products.com\/index.php?rest_route=%2Fwp%2Fv2%2Fcomments&post=22"}],"version-history":[{"count":19,"href":"https:\/\/www.industrial-arts-products.com\/index.php?rest_route=\/wp\/v2\/pages\/22\/revisions"}],"predecessor-version":[{"id":596,"href":"https:\/\/www.industrial-arts-products.com\/index.php?rest_route=\/wp\/v2\/pages\/22\/revisions\/596"}],"wp:featuredmedia":[{"embeddable":true,"href":"https:\/\/www.industrial-arts-products.com\/index.php?rest_route=\/wp\/v2\/media\/366"}],"wp:attachment":[{"href":"https:\/\/www.industrial-arts-products.com\/index.php?rest_route=%2Fwp%2Fv2%2Fmedia&parent=22"}],"curies":[{"name":"wp","href":"https:\/\/api.w.org\/{rel}","templated":true}]}}