{"id":32,"date":"2014-02-21T14:59:06","date_gmt":"2014-02-21T13:59:06","guid":{"rendered":"http:\/\/www.industrial-arts-products.com\/IND\/?page_id=32"},"modified":"2017-08-07T14:45:42","modified_gmt":"2017-08-07T12:45:42","slug":"impressum","status":"publish","type":"page","link":"https:\/\/www.industrial-arts-products.com\/?page_id=32","title":{"rendered":"Impressum"},"content":{"rendered":"<h1>Impressum<\/h1>\n<p>Tony Barnes Industrial Arts e.K.<br \/>\nInhaber: Tony Lee Barnes<br \/>\nLinsenbuckelweg 7<br \/>\n69253 Heiligkreuzsteinach<br \/>\n06220-3079829<br \/>\n<a href=\"mailto:info@industrial-arts-products.com\">info@industrial-arts-products.com<\/a><\/p>\n<p>&nbsp;<\/p>\n<p><strong>Registereintrag:<\/strong><br \/>\nEingetragen im Handelsregister<br \/>\nRegistergericht: Amtsgericht Mannheim<br \/>\nRegisternummer: HRA 707640<\/p>\n<p>&nbsp;<\/p>\n<p><strong>Umsatzsteuer-ID:<\/strong><br \/>\nUmsatzsteuer-Identifikationsnummer nach \u00a727a Umsatzsteuergesetz:<br \/>\nDE217032224<\/p>\n<p>&nbsp;<\/p>\n<p><strong>Verantwortlich f\u00fcr den Inhalt<\/strong> (gem. \u00a7 55 Abs. 2 RStV):<br \/>\nAllgemeine redaktionelle Bearbeitung und Kommentare; Fachinformationen, etc.<br \/>\nTony Lee Barnes<br \/>\nLinsenbuckelweg 7<br \/>\n69253 Heiligkreuzsteinach<\/p>\n<p>&nbsp;<\/p>\n<p><strong>Bildrechte:<br \/>\n<\/strong>Shutterstock<br \/>\nTony Lee Barnes<br \/>\nKiran Shrestha<br \/>\n<a href=\"http:\/\/www.shutterstock.com\" target=\"_blank\">http:\/\/www.shutterstock.com<\/a><\/p>\n<p>&nbsp;<\/p>\n<p>&nbsp;<\/p>\n<h1>Disclaimer &#8211; rechtliche Hinweise<\/h1>\n<p><strong>Auskunfts- und Widerrufsrecht<\/strong><\/p>\n<p>Sie haben jederzeit das Recht, sich unentgeltlich und unverz\u00fcglich \u00fcber die zu Ihrer Person erhobenen Daten<br \/>\nzu erkundigen. Ebenfalls k\u00f6nnen Sie Ihre Zustimmung zur Verwendung Ihrer angegebenen pers\u00f6nlichen Daten mit<br \/>\nWirkung f\u00fcr die Zukunft widerrufen. Hierf\u00fcr wenden Sie sich bitte an den im Impressum angegebenen<br \/>\nDiensteanbieter.<\/p>\n<p><strong>Datenschutz (allgemein)<\/strong><\/p>\n<p>Die Nutzung der Webseite ist grunds\u00e4tzlich ohne Angabe personenbezogener Daten m\u00f6glich. Soweit<br \/>\npersonenbezogene Daten (beispielsweise Name, Anschrift oder E-Mail-Adressen) erhoben werden, erfolgt dies, soweit<br \/>\nm\u00f6glich, stets auf freiwilliger Basis. Diese Daten werden ohne Ihre ausdr\u00fcckliche Zustimmung nicht an Dritte<br \/>\nweitergegeben.<\/p>\n<p>Sofern ein Vertragsverh\u00e4ltnis begr\u00fcndet, inhaltlich ausgestaltet oder ge\u00e4ndert werden soll oder Sie an<br \/>\nuns eine Anfrage stellen, erheben und verwenden wir personenbezogene Daten von Ihnen, soweit dies zu diesem Zwecke<br \/>\nerforderlich ist (Bestandsdaten). Wir erheben, verarbeiten und nutzen personenbezogene Daten soweit dies erforderlich<br \/>\nist, um Ihnen die Inanspruchnahme des Webangebots zu erm\u00f6glichen (Nutzungsdaten). S\u00e4mtliche personenbezogenen<br \/>\nDaten werden nur solange gespeichert wie dies f\u00fcr den genannten Zweck (Bearbeitung Ihrer Anfrage oder Abwicklung<br \/>\neines Vertrags) erforderlich ist. Hierbei werden steuer- und handelsrechtliche Aufbewahrungsfristen von uns<br \/>\nber\u00fccksichtigt. Auf Anordnung der zust\u00e4ndigen Stellen m\u00fcssen wir im Einzelfall Auskunft \u00fcber diese<br \/>\nDaten (Bestandsdaten) erteilen, soweit dies f\u00fcr Zwecke der Strafverfolgung, zur Gefahrenabwehr, zur Erf\u00fcllung<br \/>\nder gesetzlichen Aufgaben der Verfassungsschutzbeh\u00f6rden oder des Milit\u00e4rischen Abschirmdienstes oder zur<br \/>\nDurchsetzung der Rechte am geistigen Eigentum erforderlich ist.<\/p>\n<p>Wir weisen ausdr\u00fccklich darauf hin, dass die Daten\u00fcbertragung im Internet (z. B. bei der Kommunikation per<br \/>\nE-Mail) Sicherheitsl\u00fccken aufweisen kann. Vor dem Zugriff auf Daten kann nicht l\u00fcckenlos gesch\u00fctzt<br \/>\nwerden.<\/p>\n<p>Die Nutzung von im Rahmen der Impressumspflicht ver\u00f6ffentlichten Kontaktdaten durch Dritte zur \u00dcbersendung<br \/>\nvon nicht ausdr\u00fccklich angeforderter Werbung und Informationsmaterialien wird hiermit ausdr\u00fccklich untersagt.<br \/>\nAusgenommen hiervon sind bestehende Gesch\u00e4ftsbeziehungen bzw. es liegt Ihnen eine entsprechende Einwilligung von uns<br \/>\nvor.<\/p>\n<p>Die Anbieter und alle auf dieser Website genannten Dritten behalten sich ausdr\u00fccklich rechtliche Schritte im<br \/>\nFalle der unverlangten Zusendung von Werbeinformationen vor. Gleiches gilt f\u00fcr die kommerzielle Verwendung und<br \/>\nWeitergabe der Daten.<\/p>\n<p><strong>Datenschutz (Kommentarfunktion)<\/strong><\/p>\n<p>Im Rahmen der Kommentarfunktion unseres Blogs erheben wir personenbezogene Daten (z. B. Name, E-Mail) im Rahmen Ihrer<br \/>\nKommentierung zu einem Beitrag nur in dem Umfang wie Sie ihn uns mitgeteilt haben. Bei der Ver\u00f6ffentlichung eines<br \/>\nKommentars wird die von Ihnen angegebene Email-Adresse gespeichert, aber nicht ver\u00f6ffentlicht. Ihr angegebener Name<br \/>\nwird ver\u00f6ffentlich. Sie k\u00f6nnen auch ein Pseudonym benutzen.<\/p>\n<p><strong>Datenschutzerkl\u00e4rung Facebook-Plugins (Like\/ Gef\u00e4llt mir-Button etc.)<\/strong><\/p>\n<p>Auf dieser Website sind Plugins des Social-Media-Anbieters Facebook.com (f\u00fcr Europa: Facebook Irland Limited, 4<br \/>\nGrand Canal Square, Dublin 2, Ireland; f\u00fcr die USA: Facebook Inc., 1601 Willow Road, Menlo Park, CA 94025, USA),<br \/>\nimplementiert. Eine \u00dcbersicht der Facebook-Plugins finden Sie hier: <a href=\"https:\/\/developers.facebook.com\/docs\/plugins\/\" target=\"_blank\">https:\/\/developers.facebook.com\/docs\/plugins\/<\/a>.<\/p>\n<p>Durch Ihren Besuch auf Seiten mit Facebook-Plugins, wird durch das Plugin eine Verbindung zwischen Ihrem Browser und<br \/>\neinem Server von Facebook hergestellt. Hierdurch erh\u00e4lt Facebook Informationen zu Ihrer IP-Adresse und dem Besuch<br \/>\nauf unserer Website.<\/p>\n<p>Durch Anklicken der Facebook-Plugins gelangen Sie zum Login-Bereich von Facebook. Bereits eingeloggte Facebook-Nutzer<br \/>\nk\u00f6nnen sofort Inhalte unserer Website auf ihren Facebook-Profilen ver\u00f6ffentlichen. Infolge der Nutzung dieser<br \/>\nPlugins kann Facebook den Besuch unserer Website Ihrem pers\u00f6nlichen Benutzerkonto zuordnen. Wir weisen<br \/>\nausdr\u00fccklich darauf hin, dass wir als Anbieter dieser Internetseiten keine Kenntnis vom Inhalt der<br \/>\n\u00fcbermittelten Daten sowie deren Nutzung durch Facebook erhalten. Weitere Informationen zum Datenschutz durch<br \/>\nFacebook erhalten Sie unter: <a href=\"https:\/\/de-de.facebook.com\/policy.php\" target=\"_blank\">https:\/\/de-de.facebook.com\/policy.php<\/a>.<\/p>\n<p>Um eine Zuordnung durch Facebook zwischen Ihrem Besuch auf unserer Website zu Ihrem Benutzerkonto zu verhindern,<br \/>\nm\u00fcssen Sie sich aus Ihrem Facebook-Account ausloggen.<\/p>\n<p><strong>Datenschutzerkl\u00e4rung Twitter<\/strong><\/p>\n<p>Auf dieser Seite sind Plugins des Messenagerdienstes Twitter (Twitter Inc., 1355 Market Street, Suite 900, San<br \/>\nFrancisco, CA 94103, USA) implementiert. Durch das Nutzen des Plugins werden die von Ihnen besuchten Websites mit Ihrem<br \/>\nTwitter-Profil verkn\u00fcpft und ver\u00f6ffentlicht. Hierbei werden auch Daten an Twitter \u00fcbertragen. Wir weisen<br \/>\nausdr\u00fccklich darauf hin, dass wir als Anbieter dieser Internetseiten keine Kenntnis vom Inhalt der<br \/>\n\u00fcbermittelten Daten sowie deren Nutzung durch Twitter erhalten. Weitere Informationen zum Datenschutz durch Twitter<br \/>\nerhalten Sie unter: <a href=\"https:\/\/twitter.com\/privacy\" target=\"_blank\">https:\/\/twitter.com\/privacy<\/a>.<\/p>\n<p>Die Datenschutzeinstellungen von Twitter k\u00f6nnen Sie in Ihrem Twitter-Account \u00e4ndern: <a href=\"https:\/\/twitter.com\/login?redirect_after_login=%2Faccount%2Fsettings\" target=\"_blank\">https:\/\/twitter.com\/login?redirect_after_login=%2Faccount%2Fsettings<\/a><\/p>\n<p><strong>Google Analytics<\/strong><\/p>\n<p>Diese Website benutzt Google Analytics, einen Webanalysedienst der Google Inc. (&#8222;Google&#8220;), 1600 Amphitheatre Parkway,<br \/>\nMountain View, CA 94043, USA. Google Analytics verwendet sog. &#8222;Cookies&#8220; (Textdateien), die auf Ihrem Computer gespeichert<br \/>\nwerden und die eine Analyse der Benutzung der Website durch Sie erm\u00f6glichen. Die durch das Cookie erzeugten<br \/>\nInformationen \u00fcber Ihre Benutzung dieser Website werden in der Regel an einen Server von Google in den USA<br \/>\n\u00fcbertragen und dort gespeichert. Im Falle der Aktivierung der IP-Anonymisierung auf dieser Website, wird Ihre<br \/>\nIP-Adresse von Google jedoch innerhalb von Mitgliedstaaten der Europ\u00e4ischen Union oder in anderen Vertragsstaaten<br \/>\ndes Abkommens \u00fcber den Europ\u00e4ischen Wirtschaftsraum zuvor gek\u00fcrzt. Nur in Ausnahmef\u00e4llen wird die<br \/>\nvollst\u00e4ndige IP-Adresse an einen Server von Google in den USA \u00fcbertragen und dort anonymisiert. Im Auftrag des<br \/>\nBetreibers dieser Website wird Google diese Informationen benutzen, um Ihre Nutzung der Website auszuwerten, um Reports<br \/>\n\u00fcber die Websiteaktivit\u00e4ten zusammenzustellen und um weitere mit der Websitenutzung und der Internetnutzung<br \/>\nverbundene Dienstleistungen gegen\u00fcber dem Websitebetreiber zu erbringen. Die im Rahmen von Google Analytics von<br \/>\nIhrem Browser \u00fcbermittelte IP-Adresse wird nicht mit anderen Daten von Google zusammengef\u00fchrt.<\/p>\n<p>Sie k\u00f6nnen die Speicherung der Cookies durch eine entsprechende Einstellung Ihrer Browser-Software verhindern;<br \/>\nwir weisen Sie jedoch darauf hin, dass Sie in diesem Fall gegebenenfalls nicht s\u00e4mtliche Funktionen dieser Website<br \/>\nvollumf\u00e4nglich nutzen k\u00f6nnen. Sie k\u00f6nnen dar\u00fcber hinaus die Erfassung der durch das Cookie erzeugten<br \/>\nund auf Ihre Nutzung der Website bezogenen Daten (inkl. Ihrer IP-Adresse) an Google sowie die Verarbeitung dieser Daten<br \/>\ndurch Google verhindern, indem sie das unter dem folgenden Link verf\u00fcgbare Browser-Add-on herunterladen und<br \/>\ninstallieren: <a href=\"http:\/\/tools.google.com\/dlpage\/gaoptout?hl=de\" target=\"_blank\">http:\/\/tools.google.com\/dlpage\/gaoptout?hl=de<\/a>. Das<br \/>\nBrowser-Add-on zur Deaktivierung von Google Analytics ist mit Chrome, Internet Explorer 8 bis 11, Safari, Firefox und<br \/>\nOpera kompatibel.<\/p>\n<p>Weitere Informationen zu Nutzungsbedingungen und Datenschutz finden Sie unter folgenden Links: <a href=\"http:\/\/www.google.com\/analytics\/terms\/de.html\" target=\"_blank\">http:\/\/www.google.com\/analytics\/terms\/de.html<\/a> und <a href=\"https:\/\/www.google.de\/intl\/de\/policies\/\" target=\"_blank\">https:\/\/www.google.de\/intl\/de\/policies\/<\/a>.<\/p>\n<p><strong>Google Adsense<\/strong><\/p>\n<p>Diese Website benutzt Google Adsense, einen Werbeanzeigendienst der Google Inc. (&#8222;Google&#8220;), 1600 Amphitheatre Parkway,<br \/>\nMountain View, CA 94043, USA. Google Adsense verwendet sog. &#8222;Cookies&#8220; (Textdateien), die auf Ihrem Computer gespeichert<br \/>\nwerden und die eine Analyse der Benutzung der Website durch Sie erm\u00f6glichen. F\u00fcr die Auswertung verwendet<br \/>\nGoogle Adsense zus\u00e4tzlich sog. &#8222;Web Beacons&#8220; (kleine unsichtbare Grafiken), welche z. B. Informationen wie den<br \/>\nBesucherverkehr auf der Seite erzeugen. Diese gesammelten Informationen (einschlie\u00dflich Ihrer IP-Adresse) werden in<br \/>\nder Regel an einen Server von Google in den USA \u00fcbertragen und dort gespeichert. Die Informationen verwendet Google,<br \/>\num Ihre Nutzung der Website im Hinblick auf die Werbeanzeigen zu analysieren und so Auswertungen \u00fcber die<br \/>\nWebsiteaktivit\u00e4ten und Werbeanzeigen f\u00fcr die Betreiber der Website vornehmen zu k\u00f6nnen sowie weitere<br \/>\nDienstleistungen in Bezug auf die Websitenutzung und Internetnutzung erbringen zu k\u00f6nnen. Die von Google gesammelten<br \/>\nInformationen k\u00f6nnen an Dritte, durch Vertrag oder durch gesetzliche Vorschriften, von Google weitergegeben werden.<br \/>\nGoogle wird Ihre IP-Adresse nicht mit anderen von Ihnen gespeicherten Daten verkn\u00fcpfen.<\/p>\n<p>Sie k\u00f6nnen die Speicherung der Cookies und die Anzeige der Web Beacons durch eine entsprechende Einstellung Ihrer<br \/>\nBrowser-Software verhindern; wir weisen Sie jedoch darauf hin, dass Sie in diesem Fall gegebenenfalls nicht<br \/>\ns\u00e4mtliche Funktionen dieser Website vollumf\u00e4nglich nutzen k\u00f6nnen.<\/p>\n<p>Durch die Nutzung dieser Website erkl\u00e4ren Sie sich mit der Bearbeitung der \u00fcber Sie erhobenen Daten durch<br \/>\nGoogle in der zuvor beschriebenen Art und Weise und zu dem zuvor benannten Zweck einverstanden.<\/p>\n<p><strong>Datenschutzerkl\u00e4rung Google Plus<\/strong><\/p>\n<p>Auf dieser Website sind Plugins (&#8222;g+1&#8220; etc.) des Social-Networks Google Plus der Google Inc. (&#8222;Google&#8220;), 1600<br \/>\nAmphitheatre Parkway, Mountain View, CA 94043, USA implementiert. Die +1 Schaltfl\u00e4che erm\u00f6glicht es Ihnen als<br \/>\nregistrierter Google-Plus-Nutzer Ihr Interesse an unseren Webinhalten bei Google Plus zu ver\u00f6ffentlichen. Bei<br \/>\nBenutzung der Schaltfl\u00e4che speichert Google die Information, dass Sie f\u00fcr einen bestimmten Webinhalt ein &#8222;+1&#8220;<br \/>\ngegeben haben sowie Informationen \u00fcber die Site, die sich angesehen haben. Die von Ihnen vergebenen &#8222;+1&#8220; k\u00f6nnen<br \/>\nzusammen mit Ihren Angaben Ihres Benutzerprofils bei Google (ggf. auch mit Ihrem Namen und Foto) bei Google Plus und<br \/>\nanderen Google-Diensten ausgegeben werden. Weitere Informationen zur Datenerhebung, der Verarbeitung und Nutzung der<br \/>\nDaten sowie zum Datenschutz durch Google erhalten Sie unter: <a href=\"https:\/\/www.google.com\/intl\/de\/policies\/privacy\/\" target=\"_blank\">https:\/\/www.google.com\/intl\/de\/policies\/privacy\/<\/a>.<\/p>\n<p><strong>Datenschutzerkl\u00e4rung Google Remarketing und \u00e4hnliche Zielgruppen<\/strong><\/p>\n<p>Auf dieser Website sind Plugins f\u00fcr die Google Remarketing bzw. \u00e4hnliche Zielgruppen Funktionen der Google<br \/>\nInc. (&#8222;Google&#8220;), 1600 Amphitheatre Parkway, Mountain View, CA 94043, USA implementiert. Hierf\u00fcr werden sog.<br \/>\n&#8222;Cookies&#8220; (Textdateien), die auf Ihrem Computer gespeichert werden und die eine Analyse der Benutzung der Website durch<br \/>\nSie erm\u00f6glichen, verwendet. Die durch das Cookie erzeugten Informationen \u00fcber Ihre Benutzung dieser Website<br \/>\nwerden in der Regel an einen Server von Google in den USA \u00fcbertragen und dort gespeichert. Es ist somit<br \/>\nm\u00f6glich, sie auf anderen Websites im &#8222;Google Display-Netzwerk&#8220; zielgerichtet mit personalisierter und<br \/>\ninteressensbezogener Anzeigenwerbung anzusprechen. Sie k\u00f6nnen die Speicherung der Cookies durch eine entsprechende<br \/>\nEinstellung Ihrer Browser-Software verhindern; wir weisen Sie jedoch darauf hin, dass Sie in diesem Fall gegebenenfalls<br \/>\nnicht s\u00e4mtliche Funktionen dieser Website vollumf\u00e4nglich nutzen k\u00f6nnen. Sie k\u00f6nnen dar\u00fcber<br \/>\nhinaus die Erfassung der durch das Cookie erzeugten und auf Ihre Nutzung der Website bezogenen Daten (inkl. Ihrer<br \/>\nIP-Adresse) an Google sowie die Verarbeitung dieser Daten durch Google verhindern, indem sie das unter dem folgenden Link<br \/>\nverf\u00fcgbare Browser-Add-on herunterladen und installieren: <a href=\"https:\/\/www.google.com\/settings\/ads\/plugin?hl=de\" target=\"_blank\">https:\/\/www.google.com\/settings\/ads\/plugin?hl=de<\/a>. Das<br \/>\nBrowser-Add-on zur Deaktivierung von Google Analytics ist mit Chrome, Internet Explorer, Safari, und Firefox kompatibel.<br \/>\nDar\u00fcber hinaus k\u00f6nnen Sie die Verwendung von Cookies durch Drittanbieter deaktivieren. Hierf\u00fcr folgen Sie<br \/>\nbitte den Anweisungen der Network Advertising Initiative (<a href=\"http:\/\/www.networkadvertising.org\/choices\/\" target=\"_blank\">http:\/\/www.networkadvertising.org\/choices\/<\/a>).<\/p>\n<p>Weitere Informationen zu Nutzungsbedingungen und Datenschutz von Google Remarketing finden Sie unter folgendem Link:<br \/>\n<a href=\"http:\/\/www.google.com\/policies\/technologies\/ads\/\" target=\"_blank\">http:\/\/www.google.com\/policies\/technologies\/ads\/<\/a>.<\/p>\n<p><strong>Datenschutzerkl\u00e4rung Google AdWords Conversion-Tracking<\/strong><\/p>\n<p>Auf dieser Website ist das Plugin f\u00fcr die &#8222;Google AdWords Conversion-Tracking&#8220;-Funktion der Google Inc.<br \/>\n(&#8222;Google&#8220;), 1600 Amphitheatre Parkway, Mountain View, CA 94043, USA implementiert. Hierf\u00fcr werden sog. &#8222;Cookies&#8220;<br \/>\n(Textdateien), die auf Ihrem Computer gespeichert werden und die eine Analyse der Benutzung der Website durch Sie<br \/>\nerm\u00f6glichen, wenn Sie auf eine Anzeige von Google geklickt haben, verwendet. Die durch das Cookie erzeugten<br \/>\nInformationen \u00fcber Ihre Benutzung dieser Website werden f\u00fcr 90 Tage gespeichert. Personalisierte Daten werden<br \/>\ndabei nicht gespeichert. F\u00fcr die G\u00fcltigkeitsdauer k\u00f6nnen Google und wir als Betreiber erkennen, dass Sie<br \/>\neine Anzeige angeklickt haben und zu einer entsprechenden Zielsite gelangt sind. Die gespeicherten Cookies k\u00f6nnen<br \/>\nnicht \u00fcber mehrere Websites von verschiedenen AdWords-Kunden verfolgt werden. Es werden im Google AdWords-Dienst<br \/>\nsog. Conversion-Statistiken erhoben, welche die Anzahl der Nutzer, die auf eine Anzeige geklickt haben, erfasst.<br \/>\nZus\u00e4tzlich wird beziffert, wie viele Nutzer zu einer &#8222;Conversion-Tag-Zielsite&#8220; verlinkt wurden.<\/p>\n<p>Sie k\u00f6nnen die Speicherung der Cookies durch eine entsprechende Einstellung Ihrer Browser-Software verhindern;<br \/>\nwir weisen Sie jedoch darauf hin, dass Sie in diesem Fall gegebenenfalls nicht s\u00e4mtliche Funktionen dieser Website<br \/>\nvollumf\u00e4nglich nutzen k\u00f6nnen.<\/p>\n<p>Durch die Nutzung dieser Website erkl\u00e4ren Sie sich mit der Bearbeitung der \u00fcber Sie erhobenen Daten durch<br \/>\nGoogle in der zuvor beschriebenen Art und Weise und zu dem zuvor benannten Zweck einverstanden.<\/p>\n<p>Weitere Informationen zu Nutzungsbedingungen und Datenschutz finden Sie unter folgenden Links: <a href=\"https:\/\/support.google.com\/adwords\/answer\/93148?ctx=tltp\" target=\"_blank\">https:\/\/support.google.com\/adwords\/answer\/93148?ctx=tltp<\/a><br \/>\nund <a href=\"http:\/\/www.google.de\/policies\/privacy\/\" target=\"_blank\">http:\/\/www.google.de\/policies\/privacy\/<\/a>.<\/p>\n<p>&nbsp;<\/p>\n<p><strong>Disclaimer (Haftungsausschluss)<\/strong><\/p>\n<p><strong>1. Haftung f\u00fcr Inhalte<\/strong><\/p>\n<p>Als Diensteanbieter sind wir gem\u00e4\u00df \u00a7 7 Abs. 1 TMG f\u00fcr eigene Inhalte auf diesen Seiten nach den<br \/>\nallgemeinen Gesetzen verantwortlich. Nach \u00a7\u00a7 8 bis 10 TMG sind wir als Diensteanbieter jedoch nicht<br \/>\nverpflichtet, \u00fcbermittelte oder gespeicherte fremde Informationen zu \u00fcberwachen oder nach Umst\u00e4nden zu<br \/>\nforschen, die auf eine rechtswidrige T\u00e4tigkeit hinweisen. Verpflichtungen zur Entfernung oder Sperrung der Nutzung<br \/>\nvon Informationen nach den allgemeinen Gesetzen bleiben hiervon unber\u00fchrt. Eine diesbez\u00fcgliche Haftung ist<br \/>\njedoch erst ab dem Zeitpunkt der Kenntnis einer konkreten Rechtsverletzung m\u00f6glich. Bei Bekanntwerden von<br \/>\nentsprechenden Rechtsverletzungen werden wir diese Inhalte umgehend entfernen.<\/p>\n<p><strong>2. Haftung f\u00fcr Links<\/strong><\/p>\n<p>Diese Website enth\u00e4lt Links zu externen Webseiten Dritter, auf deren Inhalte kein Einfluss genommen werden kann.<br \/>\nDeshalb kann f\u00fcr diese fremden Inhalte auch keine Gew\u00e4hr \u00fcbernommen werden. F\u00fcr die Inhalte der<br \/>\nverlinkten Seiten ist stets der jeweilige Anbieter oder Betreiber der Seiten verantwortlich. Die verlinkten Seiten wurden<br \/>\nzum Zeitpunkt der Verlinkung auf m\u00f6gliche Rechtsverst\u00f6\u00dfe \u00fcberpr\u00fcft. Rechtswidrige Inhalte waren<br \/>\nzum Zeitpunkt der Verlinkung nicht erkennbar. Eine permanente inhaltliche Kontrolle der verlinkten Seiten ist jedoch ohne<br \/>\nkonkrete Anhaltspunkte einer Rechtsverletzung nicht zumutbar. Bei Bekanntwerden von Rechtsverletzungen werden derartige<br \/>\nLinks umgehend von dieser Website auf die rechtsverletzende Site entfernen.<\/p>\n<p><strong>3. Urheberrecht<\/strong><\/p>\n<p>Die durch die Diensteanbieter, deren Mitarbeiter und beauftragte Dritte erstellten Inhalte und Werke auf diesen Seiten<br \/>\nunterliegen dem deutschen Urheberrecht. Die Vervielf\u00e4ltigung, Bearbeitung, Verbreitung und jede Art der Verwertung<br \/>\nau\u00dferhalb der Grenzen des Urheberrechtes bed\u00fcrfen der vorherigen schriftlichen Zustimmung des jeweiligen Autors<br \/>\nbzw. Erstellers. Downloads und Kopien dieser Seite sind nur f\u00fcr den privaten, nicht kommerziellen Gebrauch<br \/>\ngestattet. Soweit die Inhalte auf dieser Seite nicht vom Betreiber erstellt wurden, werden die Urheberrechte Dritter<br \/>\nbeachtet. Insbesondere werden Inhalte Dritter als solche gekennzeichnet. Sollten Sie trotzdem auf eine<br \/>\nUrheberrechtsverletzung aufmerksam werden, bitten wir um einen entsprechenden Hinweis. Bei Bekanntwerden von<br \/>\nRechtsverletzungen werden derartige Inhalte umgehend entfernen.<\/p>\n<p>&nbsp;<\/p>\n<p>Dieses Impressum wurde mit Hilfe des <a href=\"http:\/\/www.hensche.de\/impressum-generator.html\" target=\"_blank\">Impressum-Generators<\/a> von <a href=\"http:\/\/www.hensche.de\/Rechtsanwalt_Arbeitsrecht_Frankfurt.html\" target=\"_blank\">HENSCHE Rechtsanw\u00e4lte<\/a> erstellt.<\/p>\n","protected":false},"excerpt":{"rendered":"<p>Impressum Tony Barnes Industrial Arts e.K. Inhaber: Tony Lee Barnes Linsenbuckelweg 7 69253 Heiligkreuzsteinach 06220-3079829 info@industrial-arts-products.com &nbsp; Registereintrag: Eingetragen im Handelsregister Registergericht: Amtsgericht Mannheim Registernummer:[&#8230;]<\/p>\n","protected":false},"author":1,"featured_media":0,"parent":0,"menu_order":0,"comment_status":"closed","ping_status":"closed","template":"","meta":{"footnotes":""},"class_list":["post-32","page","type-page","status-publish","hentry"],"_links":{"self":[{"href":"https:\/\/www.industrial-arts-products.com\/index.php?rest_route=\/wp\/v2\/pages\/32","targetHints":{"allow":["GET"]}}],"collection":[{"href":"https:\/\/www.industrial-arts-products.com\/index.php?rest_route=\/wp\/v2\/pages"}],"about":[{"href":"https:\/\/www.industrial-arts-products.com\/index.php?rest_route=\/wp\/v2\/types\/page"}],"author":[{"embeddable":true,"href":"https:\/\/www.industrial-arts-products.com\/index.php?rest_route=\/wp\/v2\/users\/1"}],"replies":[{"embeddable":true,"href":"https:\/\/www.industrial-arts-products.com\/index.php?rest_route=%2Fwp%2Fv2%2Fcomments&post=32"}],"version-history":[{"count":10,"href":"https:\/\/www.industrial-arts-products.com\/index.php?rest_route=\/wp\/v2\/pages\/32\/revisions"}],"predecessor-version":[{"id":627,"href":"https:\/\/www.industrial-arts-products.com\/index.php?rest_route=\/wp\/v2\/pages\/32\/revisions\/627"}],"wp:attachment":[{"href":"https:\/\/www.industrial-arts-products.com\/index.php?rest_route=%2Fwp%2Fv2%2Fmedia&parent=32"}],"curies":[{"name":"wp","href":"https:\/\/api.w.org\/{rel}","templated":true}]}}